{"id":10221,"date":"2023-07-25T17:57:21","date_gmt":"2023-07-25T17:57:21","guid":{"rendered":"https:\/\/printcopy.com.ar\/mayorista\/?page_id=10221"},"modified":"2023-08-03T19:22:30","modified_gmt":"2023-08-03T19:22:30","slug":"nosotros","status":"publish","type":"page","link":"https:\/\/printcopy.com.ar\/mayorista\/nosotros\/","title":{"rendered":"Nosotros"},"content":{"rendered":"\t\t<div data-elementor-type=\"wp-page\" data-elementor-id=\"10221\" class=\"elementor elementor-10221\" data-elementor-post-type=\"page\">\n\t\t\t\t\t\t<section class=\"wd-negative-gap elementor-section elementor-top-section elementor-element elementor-element-b27c918 wd-section-stretch elementor-section-boxed elementor-section-height-default elementor-section-height-default\" data-id=\"b27c918\" data-element_type=\"section\" data-settings=\"{&quot;background_background&quot;:&quot;classic&quot;}\">\n\t\t\t\t\t\t<div class=\"elementor-container elementor-column-gap-default\">\n\t\t\t\t\t<div class=\"elementor-column elementor-col-50 elementor-top-column elementor-element elementor-element-951dd09\" data-id=\"951dd09\" data-element_type=\"column\">\n\t\t\t<div class=\"elementor-widget-wrap elementor-element-populated\">\n\t\t\t\t\t\t<div class=\"elementor-element elementor-element-da53a72 elementor-widget elementor-widget-wd_title\" data-id=\"da53a72\" data-element_type=\"widget\" data-widget_type=\"wd_title.default\">\n\t\t\t\t<div class=\"elementor-widget-container\">\n\t\t\t\t\t<div class=\"title-wrapper set-mb-s reset-last-child wd-title-color-primary wd-title-style-default wd-title-size-default text-left\">\n\n\t\t\t\t\t\t\t<div class=\"title-subtitle subtitle-color-primary subtitle-style-default wd-fontsize-xs\">\n\t\t\t\t\tLa calidad es nuestra prioridad\t\t\t\t<\/div>\n\t\t\t\n\t\t\t<div class=\"liner-continer\">\n\t\t\t\t<h4 class=\"woodmart-title-container title wd-fontsize-l\">\u00a1Bienvenido a nuestra tienda de mayorista y minorista de articulos de libreria en linea!<\/h4> \n\t\t\t\t\t\t\t<\/div>\n\n\t\t\t\t\t\t\t<div class=\"title-after_title set-cont-mb-s reset-last-child wd-fontsize-xs\">\n\t\t\t\t\t<p><br \/>En Print Copy, nos enorgullecemos de ofrecer una amplia variedad de productos de alta calidad para satisfacer todas tus necesidades en el mundo de la papeler\u00eda y la escritura.<br \/><br \/><\/p><p>En nuestra tienda mayorista, encontrar\u00e1s una extensa gama de art\u00edculos a precios competitivos, perfectos para abastecer tu negocio, empresa o instituci\u00f3n educativa. Desde bol\u00edgrafos y l\u00e1pices hasta cuadernos, carpetas y mucho m\u00e1s, todo lo que necesitas para mantener tu stock siempre completo y atractivo para tus clientes.<\/p>\t\t\t\t<\/div>\n\t\t\t\t\t<\/div>\n\t\t\t\t<\/div>\n\t\t\t\t<\/div>\n\t\t\t\t\t<\/div>\n\t\t<\/div>\n\t\t\t\t<div class=\"elementor-column elementor-col-25 elementor-top-column elementor-element elementor-element-13fbef5 elementor-hidden-mobile\" data-id=\"13fbef5\" data-element_type=\"column\">\n\t\t\t<div class=\"elementor-widget-wrap elementor-element-populated\">\n\t\t\t\t\t\t<div class=\"elementor-element elementor-element-93446a2 elementor-widget elementor-widget-wd_image_or_svg\" data-id=\"93446a2\" data-element_type=\"widget\" data-widget_type=\"wd_image_or_svg.default\">\n\t\t\t\t<div class=\"elementor-widget-container\">\n\t\t\t\n\t\t<div class=\"wd-image text-left\">\n\t\t\t\t\t\t\t\t<img fetchpriority=\"high\" decoding=\"async\" width=\"398\" height=\"270\" src=\"https:\/\/printcopy.com.ar\/mayorista\/wp-content\/uploads\/2023\/07\/tienda-de-articulos-de-libreria-2.jpg\" class=\"attachment-full size-full wp-image-10231\" alt=\"\" srcset=\"https:\/\/printcopy.com.ar\/mayorista\/wp-content\/uploads\/2023\/07\/tienda-de-articulos-de-libreria-2.jpg 398w, https:\/\/printcopy.com.ar\/mayorista\/wp-content\/uploads\/2023\/07\/tienda-de-articulos-de-libreria-2-300x204.jpg 300w, https:\/\/printcopy.com.ar\/mayorista\/wp-content\/uploads\/2023\/07\/tienda-de-articulos-de-libreria-2-148x100.jpg 148w\" sizes=\"(max-width: 398px) 100vw, 398px\" \/>\t\t\t\t\t<\/div>\n\n\t\t\t\t<\/div>\n\t\t\t\t<\/div>\n\t\t\t\t<div class=\"elementor-element elementor-element-6bae783 elementor-widget elementor-widget-wd_image_or_svg\" data-id=\"6bae783\" data-element_type=\"widget\" data-widget_type=\"wd_image_or_svg.default\">\n\t\t\t\t<div class=\"elementor-widget-container\">\n\t\t\t\n\t\t<div class=\"wd-image text-left\">\n\t\t\t\t\t\t\t\t<img decoding=\"async\" width=\"398\" height=\"420\" src=\"https:\/\/printcopy.com.ar\/mayorista\/wp-content\/uploads\/2023\/07\/tienda-de-articulos-de-libreria.jpg\" class=\"attachment-full size-full wp-image-10230\" alt=\"\" srcset=\"https:\/\/printcopy.com.ar\/mayorista\/wp-content\/uploads\/2023\/07\/tienda-de-articulos-de-libreria.jpg 398w, https:\/\/printcopy.com.ar\/mayorista\/wp-content\/uploads\/2023\/07\/tienda-de-articulos-de-libreria-284x300.jpg 284w, https:\/\/printcopy.com.ar\/mayorista\/wp-content\/uploads\/2023\/07\/tienda-de-articulos-de-libreria-148x156.jpg 148w\" sizes=\"(max-width: 398px) 100vw, 398px\" \/>\t\t\t\t\t<\/div>\n\n\t\t\t\t<\/div>\n\t\t\t\t<\/div>\n\t\t\t\t\t<\/div>\n\t\t<\/div>\n\t\t\t\t<div class=\"elementor-column elementor-col-25 elementor-top-column elementor-element elementor-element-fd34a03\" data-id=\"fd34a03\" data-element_type=\"column\">\n\t\t\t<div class=\"elementor-widget-wrap elementor-element-populated\">\n\t\t\t\t\t\t<div class=\"elementor-element elementor-element-2f0f0b3 elementor-widget elementor-widget-image\" data-id=\"2f0f0b3\" data-element_type=\"widget\" data-widget_type=\"image.default\">\n\t\t\t\t<div class=\"elementor-widget-container\">\n\t\t\t<style>\/*! elementor - v3.21.0 - 30-04-2024 *\/\n.elementor-widget-image{text-align:center}.elementor-widget-image a{display:inline-block}.elementor-widget-image a img[src$=\".svg\"]{width:48px}.elementor-widget-image img{vertical-align:middle;display:inline-block}<\/style>\t\t\t\t\t\t\t\t\t\t<img decoding=\"async\" src=\"https:\/\/printcopy.com.ar\/mayorista\/wp-content\/uploads\/2023\/07\/carcasa-01.svg\" title=\"carcasa-01\" alt=\"carcasa-01\" loading=\"lazy\" \/>\t\t\t\t\t\t\t\t\t\t\t\t\t<\/div>\n\t\t\t\t<\/div>\n\t\t\t\t<div class=\"elementor-element elementor-element-919a450 elementor-widget elementor-widget-wd_image_or_svg\" data-id=\"919a450\" data-element_type=\"widget\" data-widget_type=\"wd_image_or_svg.default\">\n\t\t\t\t<div class=\"elementor-widget-container\">\n\t\t\t\n\t\t<div class=\"wd-image text-left\">\n\t\t\t\t\t\t\t\t<img decoding=\"async\" width=\"398\" height=\"270\" src=\"https:\/\/printcopy.com.ar\/mayorista\/wp-content\/uploads\/2023\/07\/tienda-de-articulos-de-libreria-3.jpg\" class=\"attachment-full size-full wp-image-10232\" alt=\"\" srcset=\"https:\/\/printcopy.com.ar\/mayorista\/wp-content\/uploads\/2023\/07\/tienda-de-articulos-de-libreria-3.jpg 398w, https:\/\/printcopy.com.ar\/mayorista\/wp-content\/uploads\/2023\/07\/tienda-de-articulos-de-libreria-3-300x204.jpg 300w, https:\/\/printcopy.com.ar\/mayorista\/wp-content\/uploads\/2023\/07\/tienda-de-articulos-de-libreria-3-148x100.jpg 148w\" sizes=\"(max-width: 398px) 100vw, 398px\" \/>\t\t\t\t\t<\/div>\n\n\t\t\t\t<\/div>\n\t\t\t\t<\/div>\n\t\t\t\t\t<\/div>\n\t\t<\/div>\n\t\t\t\t\t<\/div>\n\t\t<\/section>\n\t\t\t\t<section class=\"wd-negative-gap elementor-section elementor-top-section elementor-element elementor-element-cb8b90b elementor-section-content-middle wd-section-stretch elementor-section-boxed elementor-section-height-default elementor-section-height-default\" data-id=\"cb8b90b\" data-element_type=\"section\" data-settings=\"{&quot;background_background&quot;:&quot;classic&quot;}\">\n\t\t\t\t\t\t<div class=\"elementor-container elementor-column-gap-default\">\n\t\t\t\t\t<div class=\"elementor-column elementor-col-50 elementor-top-column elementor-element elementor-element-9723010\" data-id=\"9723010\" data-element_type=\"column\">\n\t\t\t<div class=\"elementor-widget-wrap elementor-element-populated\">\n\t\t\t\t\t\t<div class=\"elementor-element elementor-element-83f5b1f elementor-widget elementor-widget-wd_title\" data-id=\"83f5b1f\" data-element_type=\"widget\" data-widget_type=\"wd_title.default\">\n\t\t\t\t<div class=\"elementor-widget-container\">\n\t\t\t\t\t<div class=\"title-wrapper set-mb-s reset-last-child wd-title-color-default wd-title-style-default wd-title-size-large text-left\">\n\n\t\t\t\n\t\t\t<div class=\"liner-continer\">\n\t\t\t\t<h4 class=\"woodmart-title-container title wd-fontsize-xxl\">Encontra todo lo que necesitas!<\/h4> \n\t\t\t\t\t\t\t<\/div>\n\n\t\t\t\t\t<\/div>\n\t\t\t\t<\/div>\n\t\t\t\t<\/div>\n\t\t\t\t\t<\/div>\n\t\t<\/div>\n\t\t\t\t<div class=\"elementor-column elementor-col-50 elementor-top-column elementor-element elementor-element-5e59281\" data-id=\"5e59281\" data-element_type=\"column\">\n\t\t\t<div class=\"elementor-widget-wrap elementor-element-populated\">\n\t\t\t\t\t\t<div class=\"elementor-element elementor-element-ddc4a7e elementor-widget elementor-widget-wd_image_or_svg\" data-id=\"ddc4a7e\" data-element_type=\"widget\" data-widget_type=\"wd_image_or_svg.default\">\n\t\t\t\t<div class=\"elementor-widget-container\">\n\t\t\t\n\t\t<div class=\"wd-image text-center\">\n\t\t\t\t\t\t\t\t<img loading=\"lazy\" decoding=\"async\" width=\"685\" height=\"368\" src=\"https:\/\/printcopy.com.ar\/mayorista\/wp-content\/uploads\/2023\/07\/img.png\" class=\"attachment-full size-full wp-image-9972\" alt=\"\" srcset=\"https:\/\/printcopy.com.ar\/mayorista\/wp-content\/uploads\/2023\/07\/img.png 685w, https:\/\/printcopy.com.ar\/mayorista\/wp-content\/uploads\/2023\/07\/img-148x80.png 148w, https:\/\/printcopy.com.ar\/mayorista\/wp-content\/uploads\/2023\/07\/img-300x161.png 300w\" sizes=\"(max-width: 685px) 100vw, 685px\" \/>\t\t\t\t\t<\/div>\n\n\t\t\t\t<\/div>\n\t\t\t\t<\/div>\n\t\t\t\t\t<\/div>\n\t\t<\/div>\n\t\t\t\t\t<\/div>\n\t\t<\/section>\n\t\t<div class=\"wd-negative-gap elementor-element elementor-element-646cd76 e-grid e-con-boxed wd-section-disabled e-con e-parent\" data-id=\"646cd76\" data-element_type=\"container\">\n\t\t\t\t\t<div class=\"e-con-inner\">\n\t\t\t\t<div class=\"elementor-element elementor-element-246854b elementor-widget elementor-widget-wd_infobox_carousel\" data-id=\"246854b\" data-element_type=\"widget\" data-widget_type=\"wd_infobox_carousel.default\">\n\t\t\t\t<div class=\"elementor-widget-container\">\n\t\t\t\t\t<div class=\"wd-carousel-container info-box-carousel-wrapper wd-carousel-spacing-30\" data-owl-carousel data-speed=\"\" data-slides_per_view_tablet='{\"size\":\"\"}' data-slides_per_view_mobile='{\"size\":\"\"}' data-wrap=\"no\" data-hide_pagination_control=\"yes\" data-hide_prev_next_buttons=\"no\" data-desktop=\"3\" data-tablet_landscape=\"3\" data-tablet=\"2\" data-mobile=\"1\">\n\t\t\t<div class=\"owl-carousel wd-owl info-box-carousel owl-items-lg-3 owl-items-md-3 owl-items-sm-2 owl-items-xs-1\">\n\t\t\t\t\t\t\t\t\t\t\t\t\t\t\t\t<div class=\"info-box-wrapper\">\n\t\t\t<div class=\"wd-info-box text-center box-icon-align-top box-style-base color-scheme-  elementor-repeater-item-ea7510b\" >\n\t\t\t\t\t\t\t\t\t<div class=\"box-icon-wrapper  box-with-icon box-icon-simple\">\n\t\t\t\t\t\t<div class=\"info-box-icon\">\n\t\t\t\t\t\t\t\t\t\t\t\t\t\t\t<img decoding=\"async\" src=\"https:\/\/printcopy.com.ar\/mayorista\/wp-content\/uploads\/elementor\/thumbs\/envio-qa1k4aiimtyrj4g08wauhmpiyprmc1ask84d9ympfg.png\" title=\"envio\" alt=\"envio\" loading=\"lazy\" \/>\t\t\t\t\t\t\t\t\t\t\t\t\t<\/div>\n\t\t\t\t\t<\/div>\n\t\t\t\t\n\t\t\t\t<div class=\"info-box-content\">\n\t\t\t\t\t\n\t\t\t\t\t\t\t\t\t\t\t<h4\t\t\t\t\t\tclass=\"info-box-title title box-title-style-default wd-fontsize-m\" data-elementor-setting-key=\"title\">\n\t\t\t\t\t\t\t\tEnv\u00edo a todo el Pa\u00eds\t\t\t\t\t\t<\/h4>\n\t\t\t\t\t\n\t\t\t\t\t<div class=\"info-box-inner set-cont-mb-s reset-last-child\"\n\t\t\t\t\t\t data-elementor-setting-key=\"content\">\n\t\t\t\t\t\t<p>Llegamos a cada rinc\u00f3n. <\/p>\n\t\t\t\t\t<\/div>\n\t\n\t\t\t\t\t\t\t\t\t<\/div>\n\t\t\t<\/div>\n\t\t<\/div>\n\t\t\t\t\t\t\t\t\t\t\t\t\t\t\t\t\t\t<div class=\"info-box-wrapper\">\n\t\t\t<div class=\"wd-info-box text-center box-icon-align-top box-style-base color-scheme-  elementor-repeater-item-3d12955\" >\n\t\t\t\t\t\t\t\t\t<div class=\"box-icon-wrapper  box-with-icon box-icon-simple\">\n\t\t\t\t\t\t<div class=\"info-box-icon\">\n\t\t\t\t\t\t\t\t\t\t\t\t\t\t\t<img decoding=\"async\" src=\"https:\/\/printcopy.com.ar\/mayorista\/wp-content\/uploads\/elementor\/thumbs\/metodo-de-pago_Mesa-de-trabajo-1-qa1k4aiimtyrj4g08wauhmpiyprmc1ask84d9ympfg.png\" title=\"metodo de pago_Mesa de trabajo 1\" alt=\"metodo de pago_Mesa de trabajo 1\" loading=\"lazy\" \/>\t\t\t\t\t\t\t\t\t\t\t\t\t<\/div>\n\t\t\t\t\t<\/div>\n\t\t\t\t\n\t\t\t\t<div class=\"info-box-content\">\n\t\t\t\t\t\n\t\t\t\t\t\t\t\t\t\t\t<h4\t\t\t\t\t\tclass=\"info-box-title title box-title-style-default wd-fontsize-m\" data-elementor-setting-key=\"title\">\n\t\t\t\t\t\t\t\tProductos de Calidad\t\t\t\t\t\t<\/h4>\n\t\t\t\t\t\n\t\t\t\t\t<div class=\"info-box-inner set-cont-mb-s reset-last-child\"\n\t\t\t\t\t\t data-elementor-setting-key=\"content\">\n\t\t\t\t\t\t<p>Las mejores marcas, y al mejor precio.<\/p>\n\t\t\t\t\t<\/div>\n\t\n\t\t\t\t\t\t\t\t\t<\/div>\n\t\t\t<\/div>\n\t\t<\/div>\n\t\t\t\t\t\t\t\t\t\t\t\t\t\t\t\t\t\t<div class=\"info-box-wrapper\">\n\t\t\t<div class=\"wd-info-box text-center box-icon-align-top box-style-base color-scheme-  elementor-repeater-item-436686a\" >\n\t\t\t\t\t\t\t\t\t<div class=\"box-icon-wrapper  box-with-icon box-icon-simple\">\n\t\t\t\t\t\t<div class=\"info-box-icon\">\n\t\t\t\t\t\t\t\t\t\t\t\t\t\t\t<img decoding=\"async\" src=\"https:\/\/printcopy.com.ar\/mayorista\/wp-content\/uploads\/elementor\/thumbs\/metodo-qa1k4aiimtyrj4g08wauhmpiyprmc1ask84d9ympfg.png\" title=\"metodo\" alt=\"metodo\" loading=\"lazy\" \/>\t\t\t\t\t\t\t\t\t\t\t\t\t<\/div>\n\t\t\t\t\t<\/div>\n\t\t\t\t\n\t\t\t\t<div class=\"info-box-content\">\n\t\t\t\t\t\n\t\t\t\t\t\t\t\t\t\t\t<h4\t\t\t\t\t\tclass=\"info-box-title title box-title-style-default wd-fontsize-m\" data-elementor-setting-key=\"title\">\n\t\t\t\t\t\t\t\tM\u00e9todos de Pago\t\t\t\t\t\t<\/h4>\n\t\t\t\t\t\n\t\t\t\t\t<div class=\"info-box-inner set-cont-mb-s reset-last-child\"\n\t\t\t\t\t\t data-elementor-setting-key=\"content\">\n\t\t\t\t\t\t<p>Abonalo como quieras.<\/p>\n\t\t\t\t\t<\/div>\n\t\n\t\t\t\t\t\t\t\t\t<\/div>\n\t\t\t<\/div>\n\t\t<\/div>\n\t\t\t\t\t\t\t\t\t<\/div>\n\t\t<\/div>\n\t\t\t\t<\/div>\n\t\t\t\t<\/div>\n\t\t\t\t\t<\/div>\n\t\t\t\t<\/div>\n\t\t\t\t<\/div>\n\t\t","protected":false},"excerpt":{"rendered":"<p>La calidad es nuestra prioridad \u00a1Bienvenido a nuestra tienda de mayorista y minorista de articulos de libreria en linea! En<\/p>\n","protected":false},"author":2,"featured_media":0,"parent":0,"menu_order":0,"comment_status":"closed","ping_status":"closed","template":"","meta":{"footnotes":""},"_links":{"self":[{"href":"https:\/\/printcopy.com.ar\/mayorista\/wp-json\/wp\/v2\/pages\/10221"}],"collection":[{"href":"https:\/\/printcopy.com.ar\/mayorista\/wp-json\/wp\/v2\/pages"}],"about":[{"href":"https:\/\/printcopy.com.ar\/mayorista\/wp-json\/wp\/v2\/types\/page"}],"author":[{"embeddable":true,"href":"https:\/\/printcopy.com.ar\/mayorista\/wp-json\/wp\/v2\/users\/2"}],"replies":[{"embeddable":true,"href":"https:\/\/printcopy.com.ar\/mayorista\/wp-json\/wp\/v2\/comments?post=10221"}],"version-history":[{"count":31,"href":"https:\/\/printcopy.com.ar\/mayorista\/wp-json\/wp\/v2\/pages\/10221\/revisions"}],"predecessor-version":[{"id":10554,"href":"https:\/\/printcopy.com.ar\/mayorista\/wp-json\/wp\/v2\/pages\/10221\/revisions\/10554"}],"wp:attachment":[{"href":"https:\/\/printcopy.com.ar\/mayorista\/wp-json\/wp\/v2\/media?parent=10221"}],"curies":[{"name":"wp","href":"https:\/\/api.w.org\/{rel}","templated":true}]}}